{"id":7,"date":"2019-10-14T13:28:51","date_gmt":"2019-10-14T10:28:51","guid":{"rendered":"https:\/\/paulanherkku.com\/?page_id=7"},"modified":"2022-03-01T13:47:56","modified_gmt":"2022-03-01T11:47:56","slug":"tapahtumat","status":"publish","type":"page","link":"https:\/\/paulanherkku.com\/?page_id=7","title":{"rendered":"Tapahtumat"},"content":{"rendered":"\n<p>Olemme mukana useissa tapahtumissa ymp\u00e4ri Suomen, ymp\u00e4ri vuoden. Lis\u00e4\u00e4 tulossa ja lista p\u00e4ivittyy:<\/p>\n\n\n\n<figure class=\"wp-block-image\"><img loading=\"lazy\" decoding=\"async\" width=\"1024\" height=\"576\" src=\"https:\/\/paulanherkku.com\/wp-content\/uploads\/2019\/11\/tapahtuma1-1024x576.jpg\" alt=\"\" class=\"wp-image-67\" srcset=\"https:\/\/paulanherkku.com\/wp-content\/uploads\/2019\/11\/tapahtuma1.jpg 1024w, https:\/\/paulanherkku.com\/wp-content\/uploads\/2019\/11\/tapahtuma1-300x169.jpg 300w, https:\/\/paulanherkku.com\/wp-content\/uploads\/2019\/11\/tapahtuma1-768x432.jpg 768w\" sizes=\"auto, (max-width: 1024px) 100vw, 1024px\" \/><\/figure>\n\n\n\n<p>TOUKOKUU:<\/p>\n\n\n\n<ul class=\"wp-block-list\"><li>Vappuna, Kauppatori sek\u00e4 keskusta Kaivopuisto<\/li><li>Finlandia-ajo Vermossa<\/li><li>Maailma Kyl\u00e4ss\u00e4 Kaisaniemess\u00e4<\/li><\/ul>\n\n\n\n<p>KES\u00c4KUU:<\/p>\n\n\n\n<ul class=\"wp-block-list\"><li>Tytt\u00f6jen Stadicup<\/li><li>Vihdin Juhannus<\/li><\/ul>\n\n\n\n<p>HEIN\u00c4KUU:<\/p>\n\n\n\n<ul class=\"wp-block-list\"><li>Alppipuiston kes\u00e4festarit<\/li><li>Kaustisen Kansanmusiikkijuhlat<\/li><\/ul>\n\n\n\n<p>ELOKUU:<\/p>\n\n\n\n<ul class=\"wp-block-list\"><li>Forssan piknik<\/li><li>Tuusulan Taiteiden y\u00f6<\/li><li>Helsingin Taiteiden y\u00f6<\/li><\/ul>\n\n\n\n<p>SYYSKUU:<\/p>\n\n\n\n<ul class=\"wp-block-list\"><li>Suuri suomalainen Derby,  Vermo<\/li><\/ul>\n\n\n\n<p>MARRAS-JOULUKUU:<\/p>\n\n\n\n<ul class=\"wp-block-list\"><li>3-sep\u00e4n patsas ja joulun herkkum\u00f6kki<\/li><li>Paulan herkku toimittaa my\u00f6s kotiin<\/li><\/ul>\n\n\n\n<figure class=\"wp-block-image size-large\"><img loading=\"lazy\" decoding=\"async\" width=\"1024\" height=\"576\" src=\"https:\/\/paulanherkku.com\/wp-content\/uploads\/2020\/03\/sesonki-kaustisen-kansanjuhlat-1024x576.jpg\" alt=\"\" class=\"wp-image-89\" srcset=\"https:\/\/paulanherkku.com\/wp-content\/uploads\/2020\/03\/sesonki-kaustisen-kansanjuhlat-1024x576.jpg 1024w, https:\/\/paulanherkku.com\/wp-content\/uploads\/2020\/03\/sesonki-kaustisen-kansanjuhlat-300x169.jpg 300w, https:\/\/paulanherkku.com\/wp-content\/uploads\/2020\/03\/sesonki-kaustisen-kansanjuhlat-768x432.jpg 768w, https:\/\/paulanherkku.com\/wp-content\/uploads\/2020\/03\/sesonki-kaustisen-kansanjuhlat-1536x864.jpg 1536w, https:\/\/paulanherkku.com\/wp-content\/uploads\/2020\/03\/sesonki-kaustisen-kansanjuhlat.jpg 1600w\" sizes=\"auto, (max-width: 1024px) 100vw, 1024px\" \/><\/figure>\n","protected":false},"excerpt":{"rendered":"<p>Olemme mukana useissa tapahtumissa ymp\u00e4ri Suomen, ymp\u00e4ri vuoden. Lis\u00e4\u00e4 tulossa ja lista p\u00e4ivittyy: TOUKOKUU: Vappuna, Kauppatori sek\u00e4 keskusta Kaivopuisto Finlandia-ajo Vermossa Maailma Kyl\u00e4ss\u00e4 Kaisaniemess\u00e4 KES\u00c4KUU: Tytt\u00f6jen Stadicup Vihdin Juhannus HEIN\u00c4KUU: Alppipuiston kes\u00e4festarit Kaustisen Kansanmusiikkijuhlat ELOKUU: Forssan piknik Tuusulan Taiteiden y\u00f6 Helsingin Taiteiden y\u00f6 SYYSKUU: Suuri suomalainen Derby, Vermo MARRAS-JOULUKUU: 3-sep\u00e4n patsas ja joulun herkkum\u00f6kki Paulan<\/p>\n","protected":false},"author":1,"featured_media":0,"parent":0,"menu_order":0,"comment_status":"closed","ping_status":"closed","template":"","meta":{"footnotes":""},"class_list":["post-7","page","type-page","status-publish","hentry"],"_links":{"self":[{"href":"https:\/\/paulanherkku.com\/index.php?rest_route=\/wp\/v2\/pages\/7","targetHints":{"allow":["GET"]}}],"collection":[{"href":"https:\/\/paulanherkku.com\/index.php?rest_route=\/wp\/v2\/pages"}],"about":[{"href":"https:\/\/paulanherkku.com\/index.php?rest_route=\/wp\/v2\/types\/page"}],"author":[{"embeddable":true,"href":"https:\/\/paulanherkku.com\/index.php?rest_route=\/wp\/v2\/users\/1"}],"replies":[{"embeddable":true,"href":"https:\/\/paulanherkku.com\/index.php?rest_route=%2Fwp%2Fv2%2Fcomments&post=7"}],"version-history":[{"count":11,"href":"https:\/\/paulanherkku.com\/index.php?rest_route=\/wp\/v2\/pages\/7\/revisions"}],"predecessor-version":[{"id":119,"href":"https:\/\/paulanherkku.com\/index.php?rest_route=\/wp\/v2\/pages\/7\/revisions\/119"}],"wp:attachment":[{"href":"https:\/\/paulanherkku.com\/index.php?rest_route=%2Fwp%2Fv2%2Fmedia&parent=7"}],"curies":[{"name":"wp","href":"https:\/\/api.w.org\/{rel}","templated":true}]}}