{"id":2,"date":"2019-10-11T11:13:41","date_gmt":"2019-10-11T08:13:41","guid":{"rendered":"https:\/\/paulanherkku.com\/?page_id=2"},"modified":"2020-10-06T13:15:21","modified_gmt":"2020-10-06T10:15:21","slug":"esimerkkisivu","status":"publish","type":"page","link":"https:\/\/paulanherkku.com\/","title":{"rendered":"Etusivu"},"content":{"rendered":"\n<p>TERVETULOA PAULAN HERKKUUN!<\/p>\n\n\n\n<p>Olemme Petit Moulin Oy ja toimineet jo vuodesta 1991 luotettavana ja tunnettuna herkkumyyj\u00e4n\u00e4 eri tapahtumissa ymp\u00e4ri Suomen. Olemme laajentaneet myynti\u00e4mme my\u00f6s ulkomaille, ja Suomessa toimimme nyky\u00e4\u00e4n p\u00e4\u00e4s\u00e4\u00e4nt\u00f6isesti Paulan Herkku -nimell\u00e4. My\u00f6s Facebookista l\u00f6yd\u00e4t meid\u00e4t Paulan Herkkuna.<\/p>\n\n\n\n<p>Myymme mahtavia herkkuja, kuten leivonnaisia ja makeisia, tapahtumissa ymp\u00e4ri Suomen: meill\u00e4 on kahvilatoimintaa, herkkukioskeja sek\u00e4 myyntipisteit\u00e4. Tuotteemme ovat laadukkaita ja kotimaisia. Erikoistumme gluteenittomiin sek\u00e4 vegaaniherkkuihin.<\/p>\n\n\n\n<p>Meilt\u00e4 voi vuokrata my\u00f6s tapahtumalaitteet juhliisi, kuten hattara -ja popcornkoneet.<\/p>\n\n\n\n<p>Suosituimpia Paulan Herkun pisteit\u00e4 ovat Joulum\u00f6kki Kolmen Sep\u00e4n Aukiolla Helsingiss\u00e4, kes\u00e4ll\u00e4 Kyl\u00e4kahvila Kaustisen Kansanmusiikkijuhlilla, sek\u00e4 erilaisten tapahtumien herkkukahvilat, lettukahvilat sek\u00e4 kotimaiset lakumyyntipisteet.<\/p>\n","protected":false},"excerpt":{"rendered":"<p>TERVETULOA PAULAN HERKKUUN! Olemme Petit Moulin Oy ja toimineet jo vuodesta 1991 luotettavana ja tunnettuna herkkumyyj\u00e4n\u00e4 eri tapahtumissa ymp\u00e4ri Suomen. Olemme laajentaneet myynti\u00e4mme my\u00f6s ulkomaille, ja Suomessa toimimme nyky\u00e4\u00e4n p\u00e4\u00e4s\u00e4\u00e4nt\u00f6isesti Paulan Herkku -nimell\u00e4. My\u00f6s Facebookista l\u00f6yd\u00e4t meid\u00e4t Paulan Herkkuna. Myymme mahtavia herkkuja, kuten leivonnaisia ja makeisia, tapahtumissa ymp\u00e4ri Suomen: meill\u00e4 on kahvilatoimintaa, herkkukioskeja sek\u00e4 myyntipisteit\u00e4.<\/p>\n","protected":false},"author":1,"featured_media":0,"parent":0,"menu_order":0,"comment_status":"closed","ping_status":"open","template":"","meta":{"footnotes":""},"class_list":["post-2","page","type-page","status-publish","hentry"],"_links":{"self":[{"href":"https:\/\/paulanherkku.com\/index.php?rest_route=\/wp\/v2\/pages\/2","targetHints":{"allow":["GET"]}}],"collection":[{"href":"https:\/\/paulanherkku.com\/index.php?rest_route=\/wp\/v2\/pages"}],"about":[{"href":"https:\/\/paulanherkku.com\/index.php?rest_route=\/wp\/v2\/types\/page"}],"author":[{"embeddable":true,"href":"https:\/\/paulanherkku.com\/index.php?rest_route=\/wp\/v2\/users\/1"}],"replies":[{"embeddable":true,"href":"https:\/\/paulanherkku.com\/index.php?rest_route=%2Fwp%2Fv2%2Fcomments&post=2"}],"version-history":[{"count":3,"href":"https:\/\/paulanherkku.com\/index.php?rest_route=\/wp\/v2\/pages\/2\/revisions"}],"predecessor-version":[{"id":106,"href":"https:\/\/paulanherkku.com\/index.php?rest_route=\/wp\/v2\/pages\/2\/revisions\/106"}],"wp:attachment":[{"href":"https:\/\/paulanherkku.com\/index.php?rest_route=%2Fwp%2Fv2%2Fmedia&parent=2"}],"curies":[{"name":"wp","href":"https:\/\/api.w.org\/{rel}","templated":true}]}}